{"id":100,"date":"2018-05-23T12:47:47","date_gmt":"2018-05-23T11:47:47","guid":{"rendered":"http:\/\/www.upromex.pl\/?page_id=100"},"modified":"2018-05-23T12:47:47","modified_gmt":"2018-05-23T11:47:47","slug":"polityka-prywatnosci","status":"publish","type":"page","link":"http:\/\/www.upromex.pl\/?page_id=100","title":{"rendered":"Polityka prywatno\u015bci"},"content":{"rendered":"<p>Polityka prywatno\u015bci w naszym przedsi\u0119biorstwie<\/p>\n<p>&nbsp;<\/p>\n<ul>\n<li>1<\/li>\n<\/ul>\n<p>W niniejszej polityce prywatno\u015bci opisano spos\u00f3b przetwarzania danych osobowych u\u017cytkownik\u00f3w i odbiorc\u00f3w us\u0142ug i produkt\u00f3w naszego przedsi\u0119biorstwa.<\/p>\n<p>Administratorem, przekazywanych Nam przez u\u017cytkownika danych jeste\u015bmy my, czyli: UPROMEX Sp. z o.o.<\/p>\n<p>&nbsp;<\/p>\n<ul>\n<li>2<\/li>\n<\/ul>\n<p>Dane pozyskane od naszego u\u017cytkownika s\u0105 przede wszystkim zbierane w celach:<\/p>\n<ul>\n<li>zawarcia i wykonania zawartej z nami przez u\u017cytkownika umowy,<\/li>\n<li>ewentualnego ustalenia, dochodzenia (windykacji) naszych nale\u017cno\u015bci lub obrony przed roszczeniami, w trakcie post\u0119powa\u0144, s\u0105dowych, arbitra\u017cowych, mediacyjnych, co jest naszym prawnie uzasadnionym interesem,<\/li>\n<li>prowadzenia analiz statystycznych,<\/li>\n<li>archiwalnych, dla zabezpieczenia informacji na wypadek prawnej potrzeby wykazania fakt\u00f3w, co jest naszym prawnie uzasadnionym interesem,<\/li>\n<li>analizy, badania satysfakcji naszych u\u017cytkownik\u00f3w i udoskonalania naszych us\u0142ug i produkt\u00f3w, a tak\u017ce w celu tworzenia nowych us\u0142ug, a tak\u017ce ochrony naszego przedsi\u0119biorstwa,<\/li>\n<li>oferowania naszym u\u017cytkownikom produkt\u00f3w i us\u0142ug bezpo\u015brednio (marketing bezpo\u015bredni), w tym dobierania ich pod k\u0105tem potrzeb u\u017cytkownika z pomoc\u0105 profilowania,<\/li>\n<li>oferowania naszym u\u017cytkownikom bezpo\u015brednio produkt\u00f3w i us\u0142ug z firm z nami wsp\u00f3\u0142pracuj\u0105cych dobieranych do potrzeb naszego u\u017cytkownika z pomoc\u0105 profilowania,<\/li>\n<\/ul>\n<p>&nbsp;<\/p>\n<p>Profilowanie danych przez nasze przedsi\u0119biorstwo polega na\u00a0 przetwarzaniu danych naszych u\u017cytkownik\u00f3w (r\u00f3wnie\u017c w spos\u00f3b zautomatyzowany) poprzez wykorzystywanie ich do oceny niekt\u00f3rych informacji o u\u017cytkowniku.<\/p>\n<p>&nbsp;<\/p>\n<p>Informacje zgromadzone za pomoc\u0105 plik\u00f3w cookie i technologii s\u0142u\u017c\u0105cych profilowaniu s\u0142u\u017c\u0105 do zwi\u0119kszania wygody u\u017cytkownik\u00f3w oraz poprawy og\u00f3lnej jako\u015bci oferowanych przez nas us\u0142ug i produkt\u00f3w.<\/p>\n<p>&nbsp;<\/p>\n<p>Dane z jednej us\u0142ugi lub produktu mog\u0105 by\u0107 \u0142\u0105czone z informacjami w tym danymi z pozosta\u0142ych us\u0142ug lub produkt\u00f3w.<\/p>\n<p>&nbsp;<\/p>\n<p>Adres e-mail mo\u017cemy wykorzystywa\u0107 w celach kontaktowych oraz do informowania o naszych us\u0142ugach, w tym o nadchodz\u0105cych zmianach lub udoskonaleniach.<\/p>\n<p>&nbsp;<\/p>\n<ul>\n<li>3<\/li>\n<\/ul>\n<p>Zale\u017cy nam, aby nasz u\u017cytkownik mia\u0142 dost\u0119p do swoich danych. Je\u015bli s\u0105 one niepoprawne, staramy si\u0119 umo\u017cliwi\u0107 ich szybk\u0105 aktualizacj\u0119 lub usuni\u0119cie, chyba \u017ce musimy je zachowa\u0107 w uzasadnionych celach biznesowych lub prawnych.<\/p>\n<p>&nbsp;<\/p>\n<p>Dok\u0142adamy wszelkich stara\u0144, aby utrzymywa\u0107 swoje us\u0142ugi w spos\u00f3b, kt\u00f3ry chroni informacje przed przypadkowym lub z\u0142o\u015bliwym zniszczeniem lub ingerencj\u0105.<\/p>\n<p>&nbsp;<\/p>\n<p>Ka\u017cdy u\u017cytkownik naszych us\u0142ug lub produkt\u00f3w mo\u017ce w dowolnym momencie wycofa\u0107 swoj\u0105 zgod\u0119 na przetwarzanie jego danych osobowych. Dane s\u0105 przetwarzane dop\u00f3ki zgoda na ich przetwarzanie nie zostanie przez u\u017cytkownika cofni\u0119ta.<\/p>\n<p>&nbsp;<\/p>\n<p>Dane naszych u\u017cytkownik\u00f3w przechowujemy przez czas obowi\u0105zywania umowy zawartej z przedsi\u0119biorstwem przez u\u017cytkownika, a tak\u017ce po jej zako\u0144czeniu w celach:<\/p>\n<ul>\n<li>dochodzenia roszcze\u0144 w zwi\u0105zku z wykonywaniem umowy,<\/li>\n<li>wykonania obowi\u0105zk\u00f3w wynikaj\u0105cych z przepis\u00f3w prawa, w tym w szczeg\u00f3lno\u015bci podatkowych i rachunkowych,<\/li>\n<li>zapobiegania nadu\u017cyciom i oszustwom,<\/li>\n<li>statystycznych i archiwizacyjnych,<\/li>\n<\/ul>\n<p>W celach marketingowych przechowujemy dane naszych u\u017cytkownik\u00f3w przez okres do momentu wniesienia przez u\u017cytkownika sprzeciwu wobec takiego przetwarzania.<\/p>\n<p>&nbsp;<\/p>\n<ul>\n<li>4<\/li>\n<\/ul>\n<p>Dok\u0142adamy wszelkich stara\u0144, aby chroni\u0107 nasze przedsi\u0119biorstwo i jego klient\u00f3w przed nieuprawnionym dost\u0119pem, nieautoryzowan\u0105 modyfikacj\u0105, ujawnieniem oraz zniszczeniem informacji znajduj\u0105cych si\u0119 w naszym posiadaniu.<\/p>\n<p>&nbsp;<\/p>\n<p>W wielu naszych us\u0142ugach stosujemy szyfrowanie SSL.<\/p>\n<p>&nbsp;<\/p>\n<p>Kontrolujemy nasze metody gromadzenia, przechowywania i przetwarzania informacji, w tym fizyczne \u015brodki bezpiecze\u0144stwa, aby chroni\u0107 przed nieuprawnionym dost\u0119pem do systemu.<\/p>\n<p>Dost\u0119pu do danych udzielamy jedynie tym pracownikom, kontrahentom i naszym przedstawicielom, kt\u00f3rzy mie\u0107 do nich dost\u0119p, aby przetwarza\u0107 je na nasze potrzeby.<\/p>\n<p>&nbsp;<\/p>\n<ul>\n<li>5<\/li>\n<\/ul>\n<p>Otrzymane dane zbieramy za zgod\u0105 naszych u\u017cytkownik\u00f3w gdy\u017c jest to niezb\u0119dne do wykonania us\u0142ug przez nasze przedsi\u0119biorstwo na rzecz naszych u\u017cytkownik\u00f3w, a tak\u017ce po to \u017ceby oferowa\u0107 wszystkim u\u017cytkownikom coraz lepsze us\u0142ugi.<\/p>\n<p>Informacje uzyskane od naszych u\u017cytkownik\u00f3w uzyskujemy i gromadzimy w nast\u0119puj\u0105cy spos\u00f3b:<\/p>\n<p>Informacje podawane przez u\u017cytkownika \u2013 W takich przypadkach prosimy o podanie danych osobowych, takich jak imi\u0119 i nazwisko, adres e-mail, nr telefonu, itp.<\/p>\n<p>Informacje uzyskiwane podczas korzystania z naszych us\u0142ug \u2013 zbieramy dane o us\u0142ugach, z kt\u00f3rych korzysta u\u017cytkownik oraz sposobie, w jaki to robi. S\u0105 to mi\u0119dzy innymi:<\/p>\n<ul>\n<li>Informacje o urz\u0105dzeniu \u2013 gromadzimy dane dotycz\u0105ce urz\u0105dzenia (takie jak model sprz\u0119tu, wersja systemu operacyjnego i unikalny identyfikator urz\u0105dzenia, a tak\u017ce informacje o sieci kom\u00f3rkowej, w tym numer telefonu).<\/li>\n<li>Informacje w dziennikach \u2013 gdy u\u017cytkownik korzysta z us\u0142ug lub wy\u015bwietla tre\u015bci udost\u0119pnione przez nas, automatycznie zbieramy okre\u015blone informacje i zapisujemy je w dziennikach serwer\u00f3w. S\u0105 to mi\u0119dzy innymi, szczeg\u00f3\u0142y dotycz\u0105ce us\u0142ugi, takie jak, numer telefonu u\u017cytkownika, numer rozm\u00f3wcy, adres IP, dane o dzia\u0142aniu urz\u0105dzenia, pliki cookie, kt\u00f3re mog\u0105 jednoznacznie identyfikowa\u0107 dan\u0105 przegl\u0105dark\u0119 lub konto u\u017cytkownika.<\/li>\n<li>Informacje o lokalizacji \u2013 je\u017celi nasz u\u017cytkownik korzysta z us\u0142ug umo\u017cliwiaj\u0105cych lokalizacj\u0119 miejsca pobytu u\u017cytkownika.<\/li>\n<li>Unikalne numery aplikacji \u2013 w okre\u015blonych us\u0142ugach wyst\u0119puje unikalny numer aplikacji. Ten numer mo\u017ce zosta\u0107 wys\u0142any do nas, gdy us\u0142uga jest instalowana lub odinstalowywana b\u0105d\u017a okresowo kontaktuje si\u0119 z naszymi serwerami (np. w celu automatycznej aktualizacji).<\/li>\n<li>Pami\u0119\u0107 lokalna \u2013 mo\u017cemy zbiera\u0107 informacje (m.in. dane osobowe) i przechowywa\u0107 je lokalnie na urz\u0105dzeniu naszego klienta, korzystaj\u0105c z takich mechanizm\u00f3w jak pami\u0119\u0107 podr\u0119czna przegl\u0105darki (w tym protok\u00f3\u0142 HTML 5) oraz pami\u0119ci podr\u0119cznej aplikacji.<\/li>\n<li>Pliki cookie i podobne technologie \u2013 gdy nasz klient korzysta z us\u0142ug wyszukiwania, stosujemy, podobnie jak nasi partnerzy, r\u00f3\u017cne technologie do gromadzenia i zapisywania informacji \u2013 mo\u017ce to obejmowa\u0107 pliki cookie lub podobne technologie umo\u017cliwiaj\u0105ce identyfikacj\u0119 przegl\u0105darki lub urz\u0105dzenia naszego klienta. Technologie te wykorzystujemy r\u00f3wnie\u017c do gromadzenia informacji wtedy, gdy u\u017cytkownik wchodzi w interakcj\u0119 z us\u0142ugami kt\u00f3re oferujemy naszym partnerom, takim jak na przyk\u0142ad us\u0142ugi reklamowe czy inne nasze funkcjonalno\u015bci dzia\u0142aj\u0105ce na innych witrynach.<\/li>\n<\/ul>\n<p>&nbsp;<\/p>\n<ul>\n<li>6<\/li>\n<\/ul>\n<p>Na mocy rozporz\u0105dzenia Parlamentu Europejskiego i Rady (UE) 2016\/679 z 27.04.2016 r. w sprawie ochrony os\u00f3b fizycznych w zwi\u0105zku z przetwarzaniem danych osobowych i w sprawie\u00a0 swobodnego przep\u0142ywu takich danych oraz uchylenia dyrektywy 95\/46\/WE og\u00f3lne rozporz\u0105dzenie o ochronie danych &#8211; RODO) (Dz. Urz. UE L 119, s. 1), ka\u017cdemu naszemu u\u017cytkownikowi przys\u0142uguje prawo do uzyskiwania dost\u0119pu do swoich danych, korygowania ich, przenoszenia lub usuni\u0119cia.<\/p>\n<p>&nbsp;<\/p>\n<p>U\u017cytkownikowi przys\u0142uguje ponadto prawo do wyra\u017cenia sprzeciwu wobec okre\u015blonych form przetwarzania jego danych i wprowadzania ogranicze\u0144 w tym zakresie.<\/p>\n<p>&nbsp;<\/p>\n<ul>\n<li>7<\/li>\n<\/ul>\n<p>Nasza polityka prywatno\u015bci mo\u017ce czasami ulega\u0107 zmianom.\u00a0 Prawa odbiorcy wynikaj\u0105ce z niniejszego dokumentu prywatno\u015bci nie b\u0119d\u0105 ograniczone. Wszelkie zmiany b\u0119d\u0105 publikowane, a w przypadku niekt\u00f3rych us\u0142ug \u0142\u0105cznie z wys\u0142aniem odpowiedniej wiadomo\u015bci e-mail.<\/p>\n<p>&nbsp;<\/p>\n<p>&nbsp;<\/p>\n<p>&nbsp;<\/p>\n","protected":false},"excerpt":{"rendered":"<p>Polityka prywatno\u015bci w naszym przedsi\u0119biorstwie &nbsp; 1 W niniejszej polityce prywatno\u015bci opisano spos\u00f3b przetwarzania danych osobowych u\u017cytkownik\u00f3w i odbiorc\u00f3w us\u0142ug i produkt\u00f3w naszego przedsi\u0119biorstwa. Administratorem, przekazywanych Nam przez u\u017cytkownika danych jeste\u015bmy my, czyli: UPROMEX Sp. z o.o. &nbsp; 2 Dane pozyskane od naszego u\u017cytkownika s\u0105 przede wszystkim zbierane w celach: zawarcia i wykonania zawartej z [&hellip;]<\/p>\n","protected":false},"author":1,"featured_media":0,"parent":0,"menu_order":0,"comment_status":"closed","ping_status":"closed","template":"","meta":{"footnotes":""},"class_list":["post-100","page","type-page","status-publish","hentry"],"_links":{"self":[{"href":"http:\/\/www.upromex.pl\/index.php?rest_route=\/wp\/v2\/pages\/100","targetHints":{"allow":["GET"]}}],"collection":[{"href":"http:\/\/www.upromex.pl\/index.php?rest_route=\/wp\/v2\/pages"}],"about":[{"href":"http:\/\/www.upromex.pl\/index.php?rest_route=\/wp\/v2\/types\/page"}],"author":[{"embeddable":true,"href":"http:\/\/www.upromex.pl\/index.php?rest_route=\/wp\/v2\/users\/1"}],"replies":[{"embeddable":true,"href":"http:\/\/www.upromex.pl\/index.php?rest_route=%2Fwp%2Fv2%2Fcomments&post=100"}],"version-history":[{"count":1,"href":"http:\/\/www.upromex.pl\/index.php?rest_route=\/wp\/v2\/pages\/100\/revisions"}],"predecessor-version":[{"id":101,"href":"http:\/\/www.upromex.pl\/index.php?rest_route=\/wp\/v2\/pages\/100\/revisions\/101"}],"wp:attachment":[{"href":"http:\/\/www.upromex.pl\/index.php?rest_route=%2Fwp%2Fv2%2Fmedia&parent=100"}],"curies":[{"name":"wp","href":"https:\/\/api.w.org\/{rel}","templated":true}]}}