{"id":45,"date":"2017-11-15T20:58:41","date_gmt":"2017-11-15T20:58:41","guid":{"rendered":"http:\/\/upromex.pl\/?page_id=45"},"modified":"2021-02-03T15:18:28","modified_gmt":"2021-02-03T14:18:28","slug":"katalogi-doboru-produktow","status":"publish","type":"page","link":"http:\/\/www.upromex.pl\/?page_id=45","title":{"rendered":"Katalogi doboru produkt\u00f3w"},"content":{"rendered":"<p><span data-scayt_word=\"Sukces\" data-scaytid=\"1\">Sukces<\/span>\u00a0<span data-scayt_word=\"skutecznego\" data-scaytid=\"2\">skutecznego<\/span>\u00a0<span data-scayt_word=\"zakupu\" data-scaytid=\"3\">zakupu<\/span>\u00a0<span data-scayt_word=\"zale\u017cy\" data-scaytid=\"4\">zale\u017cy<\/span>\u00a0w\u00a0<span data-scayt_word=\"du\u017cej\" data-scaytid=\"5\">du\u017cej<\/span>\u00a0<span data-scayt_word=\"mierze\" data-scaytid=\"6\">mierze<\/span>\u00a0<span data-scayt_word=\"od\" data-scaytid=\"7\">od<\/span>\u00a0<span data-scayt_word=\"odnalezienia\" data-scaytid=\"8\">odnalezienia<\/span>\u00a0<span data-scayt_word=\"odpowiedniego\" data-scaytid=\"9\">odpowiedniego<\/span>\u00a0<span data-scayt_word=\"produktu\" data-scaytid=\"10\">produktu<\/span>\u00a0do\u00a0<span data-scayt_word=\"posiadanego\" data-scaytid=\"11\">posiadanego<\/span>\u00a0<span data-scayt_word=\"przez\" data-scaytid=\"12\">przez<\/span>\u00a0<span data-scayt_word=\"Pa\u0144stwa\" data-scaytid=\"13\">Pa\u0144stwa<\/span>\u00a0<span data-scayt_word=\"pojazdu\" data-scaytid=\"14\">pojazdu<\/span>.<\/p>\n<p>W\u00a0<span data-scayt_word=\"ka\u017cdej\" data-scaytid=\"15\">ka\u017cdej<\/span>\u00a0<span data-scayt_word=\"chwli\" data-scaytid=\"16\">chwili<\/span>\u00a0<span data-scayt_word=\"nasi\" data-scaytid=\"17\">nasi<\/span>\u00a0<span data-scayt_word=\"doradcy\" data-scaytid=\"18\">doradcy<\/span>\u00a0w\u00a0<span data-scayt_word=\"dziale\" data-scaytid=\"19\">dziale<\/span>\u00a0<span data-scayt_word=\"handlowym\" data-scaytid=\"21\">handlowym<\/span>\u00a0<span data-scayt_word=\"s\u0142u\u017c\u0105\" data-scaytid=\"22\">s\u0142u\u017c\u0105<\/span>\u00a0<span data-scayt_word=\"Pa\u0144stwu\" data-scaytid=\"23\">Pa\u0144stwu<\/span>\u00a0<span data-scayt_word=\"fachow\u0105\" data-scaytid=\"24\">fachow\u0105<\/span>\u00a0<span data-scayt_word=\"pomoc\u0105\" data-scaytid=\"25\">pomoc\u0105<\/span>\u00a0&#8211;\u00a0<span data-scayt_word=\"telefony\" data-scaytid=\"26\">telefony<\/span>\u00a0i\u00a0<span data-scayt_word=\"adresy\" data-scaytid=\"27\">adresy<\/span>\u00a0e-mail\u00a0<span data-scayt_word=\"znajda\" data-scaytid=\"28\">znajda<\/span>\u00a0<span data-scayt_word=\"Pa\u0144stwo\" data-scaytid=\"29\">Pa\u0144stwo<\/span>\u00a0w\u00a0<span data-scayt_word=\"dziale\" data-scaytid=\"20\">dziale<\/span>\u00a0&#8222;<span data-scayt_word=\"Kontakt\" data-scaytid=\"30\">Kontakt<\/span>&#8221; i\u00a0<span data-scayt_word=\"stopce\" data-scaytid=\"31\">stopce<\/span>\u00a0<span data-scayt_word=\"naszej\" data-scaytid=\"32\">naszej<\/span>\u00a0<span data-scayt_word=\"strony\" data-scaytid=\"33\">strony<\/span>.<\/p>\n<p><span data-scayt_word=\"Dla\" data-scaytid=\"36\">Dla<\/span>\u00a0<span data-scayt_word=\"tych\" data-scaytid=\"37\">tych<\/span>\u00a0z\u00a0<span data-scayt_word=\"Pa\u0144stwa\" data-scaytid=\"34\">Pa\u0144stwa<\/span>,\u00a0<span data-scayt_word=\"kt\u00f3rzy\" data-scaytid=\"39\">kt\u00f3rzy<\/span>\u00a0<span data-scayt_word=\"pragn\u0105\" data-scaytid=\"40\">pragn\u0105<\/span>\u00a0<span data-scayt_word=\"samodzielnie\" data-scaytid=\"41\">samodzielnie<\/span>\u00a0<span data-scayt_word=\"zdoby\u0107\" data-scaytid=\"42\">zdoby\u0107<\/span>\u00a0<span data-scayt_word=\"informacje\" data-scaytid=\"43\">informacje<\/span>\u00a0<span data-scayt_word=\"zgromadzili\u015bmy\" data-scaytid=\"44\">zgromadzili\u015bmy<\/span>\u00a0<span data-scayt_word=\"poni\u017cej\" data-scaytid=\"45\">poni\u017cej\u00a0<\/span><span data-scayt_word=\"odno\u015bniki\" data-scaytid=\"46\">odno\u015bniki<\/span>\u00a0do\u00a0<span data-scayt_word=\"katalog\u00f3w\" data-scaytid=\"47\">katalog\u00f3w<\/span>\u00a0<span data-scayt_word=\"doboru\" data-scaytid=\"48\">doboru<\/span>\u00a0<span data-scayt_word=\"oferowanych\" data-scaytid=\"49\">oferowanych<\/span>\u00a0<span data-scayt_word=\"przez\" data-scaytid=\"35\">przez<\/span>\u00a0<span data-scayt_word=\"nas\" data-scaytid=\"51\">nas<\/span>\u00a0<span data-scayt_word=\"produkt\u00f3w\" data-scaytid=\"52\">produkt\u00f3w<\/span>.<\/p>\n<p>&nbsp;<\/p>\n<p><a href=\"http:\/\/www.oximo.info\/\" target=\"_blank\" rel=\"noopener\"><span data-scayt_word=\"WYCIERACZKI\" data-scaytid=\"53\">WYCIERACZKI<\/span>\u00a0AERO<\/a><\/p>\n<p>&nbsp;<\/p>\n<p><a href=\"http:\/\/lpc-cyclon.ewp.earlweb.net\/en_GB\" target=\"_blank\" rel=\"noopener\"><span data-scayt_word=\"OLEJE\" data-scaytid=\"54\">OLEJE<\/span>\u00a0<span data-scayt_word=\"CYCLON\" data-scaytid=\"60\">CYCLON<\/span>\u00a0(j.\u00a0<span data-scayt_word=\"angielski\" data-scaytid=\"61\">angielski<\/span>)<\/a><\/p>\n<p><a href=\"http:\/\/applications.castrol.com\/oilselector\/pl_pl\/c\/search?_ga=2.121772491.1337254303.1497340562-121080429.1496152446\" target=\"_blank\" rel=\"noopener\"><span data-scayt_word=\"OLEJE\" data-scaytid=\"55\">OLEJE<\/span>\u00a0<span data-scayt_word=\"CASTROL\" data-scaytid=\"63\">CASTROL<\/span><\/a><\/p>\n<p><a href=\"http:\/\/www.mobil.pl\/Poland-Polish-LCW\/which-oil.aspx\" target=\"_blank\" rel=\"noopener\"><span data-scayt_word=\"OLEJE\" data-scaytid=\"57\">OLEJE<\/span>\u00a0MOBIL<\/a><\/p>\n<p><a href=\"http:\/\/dobierz-olej.totalpolska.pl\/?_ga=2.26193726.2046401965.1497341340-1272726994.1497341340\" target=\"_blank\" rel=\"noopener\"><span data-scayt_word=\"OLEJE\" data-scaytid=\"58\">OLEJE<\/span>\u00a0TOTAL<\/a><\/p>\n<p><a href=\"http:\/\/www.elf.com.pl\/dobierz-olej.html\" target=\"_blank\" rel=\"noopener\"><span data-scayt_word=\"OLEJE\" data-scaytid=\"59\">OLEJE<\/span>\u00a0ELF<\/a><\/p>\n<p><a href=\"http:\/\/fuchs-eu.lubricantadvisor.com\/default.aspx?lang=pol\" target=\"_blank\" rel=\"noopener\"><span data-scayt_word=\"OLEJE\" data-scaytid=\"67\">OLEJE FUCHS<\/span><\/a><\/p>\n<p><a href=\"http:\/\/www.orlenoil.pl\/PL\/Motoryzacja\/Strony\/Dobierz-olej.aspx\" target=\"_blank\" rel=\"noopener\"><span data-scayt_word=\"OLEJE\" data-scaytid=\"68\">OLEJE<\/span>\u00a0<span data-scayt_word=\"ORLEN\" data-scaytid=\"77\">ORLEN<\/span><\/a><\/p>\n<p><a href=\"http:\/\/ew5.earlweb.com\/search.php?site=61&amp;region=79&amp;language=13&amp;brand=64\" target=\"_blank\" rel=\"noopener\"><span data-scayt_word=\"OLEJE\" data-scaytid=\"69\">OLEJE<\/span>\u00a0<span data-scayt_word=\"LOTOS\" data-scaytid=\"78\">LOTOS<\/span><\/a><\/p>\n<p>&nbsp;<\/p>\n<p><a href=\"http:\/\/pl.filtron.eu\/index.php\/cat\/view\/cars\" target=\"_blank\" rel=\"noopener\"><span data-scayt_word=\"FILTRY\" data-scaytid=\"80\">FILTRY<\/span>\u00a0<span data-scayt_word=\"FILTRON\" data-scaytid=\"82\">FILTRON<\/span><\/a><\/p>\n<p><a href=\"https:\/\/www.mann-hummel.com\/mf_prodkata_eur\/index.html?ktlg_page=1&amp;ktlg_lang=9\" target=\"_blank\" rel=\"noopener\"><span data-scayt_word=\"FILTRY\" data-scaytid=\"81\">FILTRY<\/span>\u00a0MANN<\/a><\/p>\n<p>&nbsp;<\/p>\n<p><a href=\"http:\/\/www.narva.com.au\/products\/globeChart\" target=\"_blank\" rel=\"noopener\"><span data-scayt_word=\"\u017bAR\u00d3WKI\" data-scaytid=\"84\">\u017bAR\u00d3WKI<\/span>\u00a0<span data-scayt_word=\"NARVA\" data-scaytid=\"86\">NARVA<\/span>\u00a0(j.\u00a0<span data-scayt_word=\"angielski\" data-scaytid=\"83\">angielski<\/span>)<\/a><\/p>\n<p><a href=\"http:\/\/www.philips.pl\/consumerfiles\/pageitems\/master\/categorypages\/Automotive\/assets\/flash\/YourLampCarGuide.swf?idioma=uk&amp;xmlconfig=\/consumerfiles\/pageitems\/locales\/pl_PL\/CONSUMER\/categorypages\/Automotive\/assets\/xml\/palguide.xml\" target=\"_blank\" rel=\"noopener\"><span data-scayt_word=\"\u017bAR\u00d3WKI\" data-scaytid=\"85\">\u017bAR\u00d3WKI<\/span>\u00a0PHILIPS<\/a><\/p>\n<p>&nbsp;<\/p>\n<p><span data-scayt_word=\"Je\u017celi\" data-scaytid=\"88\">Je\u017celi<\/span>\u00a0<span data-scayt_word=\"kt\u00f3rykolwiek\" data-scaytid=\"89\">kt\u00f3rykolwiek<\/span>\u00a0z\u00a0<span data-scayt_word=\"link\u00f3w\" data-scaytid=\"90\">link\u00f3w<\/span>\u00a0<span data-scayt_word=\"przesta\u0142\" data-scaytid=\"91\">przesta\u0142<\/span>\u00a0<span data-scayt_word=\"dzia\u0142a\u0107\" data-scaytid=\"92\">dzia\u0142a\u0107<\/span>\u00a0<span data-scayt_word=\"prosimy\" data-scaytid=\"93\">prosimy<\/span>\u00a0o\u00a0<span data-scayt_word=\"zg\u0142oszenie\" data-scaytid=\"94\">zg\u0142oszenie<\/span>\u00a0<span data-scayt_word=\"na\" data-scaytid=\"95\">na<\/span>\u00a0<a href=\"mailto:admin@upromex.pl?subject=Przesta%C5%82%20dzia%C5%82a%C4%87%20link%20w%20katalogach%20doboru%20produkt%C3%B3w&amp;body=Przesta%C5%82%20dzia%C5%82a%C4%87%20link%20w%20katalogach%20doboru%20produkt%C3%B3w\">admin@upromex.pl<\/a><\/p>\n","protected":false},"excerpt":{"rendered":"<p>Sukces\u00a0skutecznego\u00a0zakupu\u00a0zale\u017cy\u00a0w\u00a0du\u017cej\u00a0mierze\u00a0od\u00a0odnalezienia\u00a0odpowiedniego\u00a0produktu\u00a0do\u00a0posiadanego\u00a0przez\u00a0Pa\u0144stwa\u00a0pojazdu. W\u00a0ka\u017cdej\u00a0chwili\u00a0nasi\u00a0doradcy\u00a0w\u00a0dziale\u00a0handlowym\u00a0s\u0142u\u017c\u0105\u00a0Pa\u0144stwu\u00a0fachow\u0105\u00a0pomoc\u0105\u00a0&#8211;\u00a0telefony\u00a0i\u00a0adresy\u00a0e-mail\u00a0znajda\u00a0Pa\u0144stwo\u00a0w\u00a0dziale\u00a0&#8222;Kontakt&#8221; i\u00a0stopce\u00a0naszej\u00a0strony. Dla\u00a0tych\u00a0z\u00a0Pa\u0144stwa,\u00a0kt\u00f3rzy\u00a0pragn\u0105\u00a0samodzielnie\u00a0zdoby\u0107\u00a0informacje\u00a0zgromadzili\u015bmy\u00a0poni\u017cej\u00a0odno\u015bniki\u00a0do\u00a0katalog\u00f3w\u00a0doboru\u00a0oferowanych\u00a0przez\u00a0nas\u00a0produkt\u00f3w. &nbsp; WYCIERACZKI\u00a0AERO &nbsp; OLEJE\u00a0CYCLON\u00a0(j.\u00a0angielski) OLEJE\u00a0CASTROL OLEJE\u00a0MOBIL OLEJE\u00a0TOTAL OLEJE\u00a0ELF OLEJE FUCHS OLEJE\u00a0ORLEN OLEJE\u00a0LOTOS &nbsp; FILTRY\u00a0FILTRON FILTRY\u00a0MANN &nbsp; \u017bAR\u00d3WKI\u00a0NARVA\u00a0(j.\u00a0angielski) \u017bAR\u00d3WKI\u00a0PHILIPS &nbsp; Je\u017celi\u00a0kt\u00f3rykolwiek\u00a0z\u00a0link\u00f3w\u00a0przesta\u0142\u00a0dzia\u0142a\u0107\u00a0prosimy\u00a0o\u00a0zg\u0142oszenie\u00a0na\u00a0admin@upromex.pl<\/p>\n","protected":false},"author":1,"featured_media":0,"parent":0,"menu_order":0,"comment_status":"closed","ping_status":"closed","template":"","meta":{"footnotes":""},"class_list":["post-45","page","type-page","status-publish","hentry"],"_links":{"self":[{"href":"http:\/\/www.upromex.pl\/index.php?rest_route=\/wp\/v2\/pages\/45","targetHints":{"allow":["GET"]}}],"collection":[{"href":"http:\/\/www.upromex.pl\/index.php?rest_route=\/wp\/v2\/pages"}],"about":[{"href":"http:\/\/www.upromex.pl\/index.php?rest_route=\/wp\/v2\/types\/page"}],"author":[{"embeddable":true,"href":"http:\/\/www.upromex.pl\/index.php?rest_route=\/wp\/v2\/users\/1"}],"replies":[{"embeddable":true,"href":"http:\/\/www.upromex.pl\/index.php?rest_route=%2Fwp%2Fv2%2Fcomments&post=45"}],"version-history":[{"count":3,"href":"http:\/\/www.upromex.pl\/index.php?rest_route=\/wp\/v2\/pages\/45\/revisions"}],"predecessor-version":[{"id":149,"href":"http:\/\/www.upromex.pl\/index.php?rest_route=\/wp\/v2\/pages\/45\/revisions\/149"}],"wp:attachment":[{"href":"http:\/\/www.upromex.pl\/index.php?rest_route=%2Fwp%2Fv2%2Fmedia&parent=45"}],"curies":[{"name":"wp","href":"https:\/\/api.w.org\/{rel}","templated":true}]}}